{"id":7584,"date":"2022-04-29T10:12:27","date_gmt":"2022-04-29T08:12:27","guid":{"rendered":"https:\/\/evshop.be\/privacy-2\/"},"modified":"2023-08-01T15:33:54","modified_gmt":"2023-08-01T13:33:54","slug":"privacy-2","status":"publish","type":"page","link":"https:\/\/evshop.be\/fr\/privacy-2\/","title":{"rendered":"Privacy"},"content":{"rendered":"<div class=\"fusion-fullwidth fullwidth-box fusion-builder-row-1 fusion-flex-container nonhundred-percent-fullwidth non-hundred-percent-height-scrolling\" style=\"--awb-border-radius-top-left:0px;--awb-border-radius-top-right:0px;--awb-border-radius-bottom-right:0px;--awb-border-radius-bottom-left:0px;--awb-flex-wrap:wrap;\" ><div class=\"fusion-builder-row fusion-row fusion-flex-align-items-flex-start fusion-flex-content-wrap\" style=\"max-width:1456px;margin-left: calc(-4% \/ 2 );margin-right: calc(-4% \/ 2 );\"><div class=\"fusion-layout-column fusion_builder_column fusion-builder-column-0 fusion_builder_column_1_1 1_1 fusion-flex-column\" style=\"--awb-bg-size:cover;--awb-width-large:100%;--awb-margin-top-large:0px;--awb-spacing-right-large:1.92%;--awb-margin-bottom-large:20px;--awb-spacing-left-large:1.92%;--awb-width-medium:100%;--awb-order-medium:0;--awb-spacing-right-medium:1.92%;--awb-spacing-left-medium:1.92%;--awb-width-small:100%;--awb-order-small:0;--awb-spacing-right-small:1.92%;--awb-spacing-left-small:1.92%;\"><div class=\"fusion-column-wrapper fusion-column-has-shadow fusion-flex-justify-content-flex-start fusion-content-layout-column\"><div class=\"fusion-text fusion-text-1\"><h1 class=\"fusion-responsive-typography-calculated\" style=\"--fontsize: 76; line-height: 1.2;\" data-fontsize=\"76\" data-lineheight=\"91.2px\">Privacy<\/h1>\n<p>Nous respectons la vie priv\u00e9e des visiteurs du site Internet et veillons \u00e0 ce que les informations \u00e0 caract\u00e8re personnel que vous nous fournissez soient trait\u00e9es de mani\u00e8re confidentielle. Au sein de notre entreprise, le traitement des donn\u00e9es \u00e0 caract\u00e8re personnel s\u2019effectue conform\u00e9ment aux exigences l\u00e9gales pr\u00e9vues par la r\u00e8glementation europ\u00e9enne du 25 mai 2018.<\/p>\n<h2 class=\"fusion-responsive-typography-calculated\" style=\"--fontsize: 60; line-height: 1.2;\" data-fontsize=\"60\" data-lineheight=\"72px\">Finalit\u00e9s du traitement des donn\u00e9es<\/h2>\n<p>Nous traitons vos donn\u00e9es \u00e0 caract\u00e8re personnel pour la conclusion et l&rsquo;ex\u00e9cution de contrats, \u00e9ventuellement pour le traitement des r\u00e9clamations et pour les services juridiques, ainsi que pour la gestion des relations qui en d\u00e9coulent, y compris la r\u00e9alisation d&rsquo;activit\u00e9s visant \u00e0 d\u00e9velopper la client\u00e8le.<\/p>\n<h2 class=\"fusion-responsive-typography-calculated\" style=\"--fontsize: 60; line-height: 1.2;\" data-fontsize=\"60\" data-lineheight=\"72px\">Formulaires compl\u00e9t\u00e9s sur le site Internet<\/h2>\n<p>Lorsque vous compl\u00e9tez un formulaire de contact sur le site Internet ou lorsque vous nous envoyez un e-mail, les donn\u00e9es que vous nous transmettez sont conserv\u00e9es aussi longtemps que la nature du formulaire ou le contenu de votre e-mail l&rsquo;exige pour une r\u00e9ponse et un traitement corrects.<\/p>\n<h2 class=\"fusion-responsive-typography-calculated\" style=\"--fontsize: 60; line-height: 1.2;\" data-fontsize=\"60\" data-lineheight=\"72px\">Google Analytics<\/h2>\n<p>Nous utilisons Google Analytics pour suivre l&rsquo;utilisation du site par les internautes. Les informations ainsi obtenues, y compris l&rsquo;adresse de votre ordinateur (adresse IP), sont transmises et stock\u00e9es par Google sur des serveurs situ\u00e9s aux \u00c9tats-Unis. Google utilise ces informations pour savoir comment notre site est utilis\u00e9, pour nous fournir des rapports sur le site et pour fournir \u00e0 ses annonceurs des informations sur l&rsquo;efficacit\u00e9 de leurs campagnes. Google peut fournir ces informations \u00e0 des tiers si la loi l\u2019exige, ou dans la mesure o\u00f9 ces tiers traitent les informations pour le compte de Google. Nous n&rsquo;avons aucun contr\u00f4le \u00e0 cet \u00e9gard.<\/p>\n<h2 class=\"fusion-responsive-typography-calculated\" style=\"--fontsize: 60; line-height: 1.2;\" data-fontsize=\"60\" data-lineheight=\"72px\">Utilisation de cookies<\/h2>\n<p>Nous utilisons des cookies lorsque nous offrons des services \u00e9lectroniques. Un cookie est un petit fichier simple envoy\u00e9 avec les pages de ce site Internet et stock\u00e9 par votre navigateur sur le disque dur de votre ordinateur. Cela nous permet notamment de combiner les diff\u00e9rentes pages consult\u00e9es sur le site Internet et d&rsquo;analyser le comportement des utilisateurs. Vous pouvez refuser l&rsquo;utilisation de ces cookies, bien que cela puisse limiter la fonctionnalit\u00e9 et la convivialit\u00e9 du site Internet.<\/p>\n<p>Plus d&rsquo;informations dans notre <a href=\"https:\/\/evshop.be\/cookies\/\">d\u00e9claration sur les cookies<\/a><\/p>\n<h2 class=\"fusion-responsive-typography-calculated\" style=\"--fontsize: 60; line-height: 1.2;\" data-fontsize=\"60\" data-lineheight=\"72px\">Droit d&rsquo;acc\u00e8s, de rectification, d&rsquo;effacement, de restriction, d&rsquo;opposition et de portabilit\u00e9<\/h2>\n<p>Les clients ont le droit d&rsquo;acc\u00e9der \u00e0 tout moment \u00e0 leurs donn\u00e9es \u00e0 caract\u00e8re personnel et peuvent les corriger (ou les faire corriger) si elles sont inexactes ou incompl\u00e8tes, les faire effacer, limiter leur traitement et s&rsquo;opposer au traitement des donn\u00e9es \u00e0 caract\u00e8re personnel les concernant, y compris le profilage sur la base de ces dispositions.<\/p>\n<p>En outre, les clients ont le droit d&rsquo;obtenir une copie (sous une forme structur\u00e9e, commune et lisible par machine) de leurs donn\u00e9es \u00e0 caract\u00e8re personnel et de faire transf\u00e9rer ces donn\u00e9es \u00e0 une autre entreprise.<\/p>\n<p>Pour exercer les droits susmentionn\u00e9s, le client est pri\u00e9 d&rsquo;envoyer un e-mail \u00e0 l&rsquo;adresse <a href='mailto:' target='_blank'><\/a><a href=\"mailto:info@evshop.be.\">info@evshop.be<\/a>.<\/p>\n<h2 class=\"fusion-responsive-typography-calculated\" style=\"--fontsize: 60; line-height: 1.2;\" data-fontsize=\"60\" data-lineheight=\"72px\">Marketing direct<\/h2>\n<p>Le client a le droit de s&rsquo;opposer, sans frais, au traitement de ses donn\u00e9es \u00e0 caract\u00e8re personnel \u00e0 des fins de marketing direct. Pour ce faire, il lui suffit d&rsquo;envoyer un e-mail <a href='mailto:' target='_blank'><\/a>ou un courrier \u00e0 <a href=\"mailto:info@evshop.be.\">info@evshop.be.<\/a><\/p>\n<h2 class=\"fusion-responsive-typography-calculated\" style=\"--fontsize: 60; line-height: 1.2;\" data-fontsize=\"60\" data-lineheight=\"72px\">R\u00e9clamation<\/h2>\n<p>Le client a le droit d&rsquo;introduire une r\u00e9clamation aupr\u00e8s de l&rsquo;Autorit\u00e9 belge de protection des donn\u00e9es, Rue de la Presse 35, 1000 Bruxelles, T\u00e9l. +32 (0)2 274 48 00, Fax +32 (0)2 274 48 35, e-mail : <a href=\"mailto:contact@apd-gba.be\">contact@apd-gba.be<\/a><\/p>\n<h2 class=\"fusion-responsive-typography-calculated\" style=\"--fontsize: 60; line-height: 1.2;\" data-fontsize=\"60\" data-lineheight=\"72px\">Adaptation de la d\u00e9claration de confidentialit\u00e9<\/h2>\n<p>Nous nous r\u00e9servons le droit de modifier la pr\u00e9sente d\u00e9claration de confidentialit\u00e9. Les modifications seront publi\u00e9es sur ce site.<\/p>\n<\/div><\/div><\/div><\/div><\/div>\n","protected":false},"excerpt":{"rendered":"","protected":false},"author":1,"featured_media":0,"parent":0,"menu_order":0,"comment_status":"closed","ping_status":"closed","template":"","meta":{"_acf_changed":false,"footnotes":""},"class_list":["post-7584","page","type-page","status-publish","hentry"],"acf":[],"_links":{"self":[{"href":"https:\/\/evshop.be\/fr\/wp-json\/wp\/v2\/pages\/7584","targetHints":{"allow":["GET"]}}],"collection":[{"href":"https:\/\/evshop.be\/fr\/wp-json\/wp\/v2\/pages"}],"about":[{"href":"https:\/\/evshop.be\/fr\/wp-json\/wp\/v2\/types\/page"}],"author":[{"embeddable":true,"href":"https:\/\/evshop.be\/fr\/wp-json\/wp\/v2\/users\/1"}],"replies":[{"embeddable":true,"href":"https:\/\/evshop.be\/fr\/wp-json\/wp\/v2\/comments?post=7584"}],"version-history":[{"count":2,"href":"https:\/\/evshop.be\/fr\/wp-json\/wp\/v2\/pages\/7584\/revisions"}],"predecessor-version":[{"id":7586,"href":"https:\/\/evshop.be\/fr\/wp-json\/wp\/v2\/pages\/7584\/revisions\/7586"}],"wp:attachment":[{"href":"https:\/\/evshop.be\/fr\/wp-json\/wp\/v2\/media?parent=7584"}],"curies":[{"name":"wp","href":"https:\/\/api.w.org\/{rel}","templated":true}]}}